{"id":1753,"date":"2020-09-21T05:02:01","date_gmt":"2020-09-21T05:02:01","guid":{"rendered":"http:\/\/www.orlybeigelproductions.com\/app\/?page_id=1753"},"modified":"2020-11-25T05:25:58","modified_gmt":"2020-11-25T05:25:58","slug":"aviso-de-privacidad","status":"publish","type":"page","link":"http:\/\/www.orlybeigelproductions.com\/app\/aviso-de-privacidad\/","title":{"rendered":"Aviso de Privacidad"},"content":{"rendered":"\n<p>Dado que Orly <span class=\"color-wine\">Beigel Productions<\/span> se preocupa especialmente del tema relacionado con la privacidad en Internet, creemos importante que usted sepa c\u00f3mo tratamos la informaci\u00f3n que eventualmente usted desee remitirnos a trav\u00e9s de Internet.<\/p>\n\n\n\n<p>En general, usted puede visitar nuestro sitio sin obligaci\u00f3n alguna de revelar su identidad ni proveer ninguna informaci\u00f3n sobre su persona. Como parte del funcionamiento normal de este tipo de sistemas, nuestros servidores recolectan \u00fanicamente los nombres de dominio, tipo de sistema operativo y tipo de browser, fecha y hora de la visita, p\u00e1ginas visitadas y acceso v\u00eda otro sitio. No se recopila autom\u00e1ticamente las direcciones e-mail de nuestras visitas. Esta informaci\u00f3n se consolida para medir el n\u00famero de visitas, tiempo promedio en el sitio, p\u00e1ginas vistas, etc. <span class=\"color-wine\">Orly Beigel<\/span> Productions usa esta informaci\u00f3n \u00fanicamente para medir el uso de nuestro sitio, para mejorar el contenido y para verificar los est\u00e1ndares de calidad de servicio.<\/p>\n\n\n\n<p>No obstante lo anterior, se ponen a su disposici\u00f3n ciertas aplicaciones que requieren que usted provea a <span class=\"color-wine\">Orly Beigel<\/span> Productions cierta informaci\u00f3n, como nombre, direcci\u00f3n, tel, email; la cual es recopilada y utilizada solamente para responder a sus consultas, efectuar una cotizaci\u00f3n, procesar una orden, o permitirle a usted acceder a su informaci\u00f3n. La informaci\u00f3n recopilada es tratada en forma confidencial, con protecci\u00f3n de acceso y utilizada por nuestro personal s\u00f3lo en la medida que ello es requerido, y no es entregada a terceros. Los contratos de nuestro personal contienen cl\u00e1usulas de confidencialidad al respecto. La informaci\u00f3n personal es s\u00f3lo entregada a terceros en caso de requerimientos legales.<\/p>\n\n\n\n<p>No obstante lo anterior, se ponen a su disposici\u00f3n ciertas aplicaciones que requieren que usted provea a <span class=\"color-wine\">Orly Beigel<\/span> Productions cierta informaci\u00f3n, como nombre, direcci\u00f3n, tel, email; la cual es recopilada y utilizada solamente para responder a sus consultas, efectuar una cotizaci\u00f3n, procesar una orden, o permitirle a usted acceder a su informaci\u00f3n. La informaci\u00f3n recopilada es tratada en forma confidencial, con protecci\u00f3n de acceso y utilizada por nuestro personal s\u00f3lo en la medida que ello es requerido, y no es entregada a terceros. Los contratos de nuestro personal contienen cl\u00e1usulas de confidencialidad al respecto. La informaci\u00f3n personal es s\u00f3lo entregada a terceros en caso de requerimientos legales.<\/p>\n\n\n\n<p>Los comentarios, sugerencias, ideas, gr\u00e1ficos u otra informaci\u00f3n comunicada a <span class=\"color-wine\">Orly Beigel<\/span> Productions a trav\u00e9s de este sitio ser\u00e1n propiedad de <span class=\"color-wine\">Orly Beigel<\/span> Productions desde el momento mismo de su recepci\u00f3n, y se entender\u00e1 que para todos los efectos <span class=\"color-wine\">Orly Beigel<\/span> Productions estar\u00e1 habilitado para darle a esta informaci\u00f3n el car\u00e1cter de p\u00fablica, y no se le podr\u00e1 hacer responsable por ideas similares utilizadas en su sitio. <span class=\"color-wine\">Orly Beigel<\/span> Productions podr\u00e1 utilizar esta informaci\u00f3n para cualquier fin, inclusive el comercial, sin derecho para la parte que envi\u00f3 la informaci\u00f3n a exigir retribuci\u00f3n de ning\u00fan tipo. Queda expresamente establecido que desde el momento en que usted ingresa a este sitio, acepta todas y cada una de las condiciones establecidas por <span class=\"color-wine\">Orly Beigel<\/span> Productions y acepta que cualquier informaci\u00f3n que usted entregue, y su uso por parte de <span class=\"color-wine\">Orly Beigel<\/span> Productions no infringe ni viola ning\u00fan derecho de ninguna tercera parte.<\/p>\n\n\n\n<p>Si usted se registra con alguna de nuestras unidades de negocio en l\u00ednea, se podr\u00e1 utilizar su informaci\u00f3n para proveerle de informaci\u00f3n de nuestros servicios, personalizada a sus necesidades. Una tecnolog\u00eda denominada cookies puede ser usada para proveerle a usted informaci\u00f3n personalizada. Un cookie es un peque\u00f1o elemento de dato que el sitio puede enviar a su browser, que luego puede ser almacenado en su disco duro, de forma que nosotros podamos reconocerlo cuando regrese a nuestro sitio. Usted puede setear su browser, de modo que le informe cuando usted recibe un cookie.<\/p>\n\n\n\n<p>En ocasiones nosotros efectuamos encuestas en l\u00ednea, para comprender mejor las necesidades y perfiles de nuestros visitantes. Cuando efectuamos una encuesta, trataremos de hacerle saber c\u00f3mo usaremos esa informaci\u00f3n, en el momento de recopilarla de usted en Internet.<\/p>\n\n\n\n<p>We sometimes conduct online surveys to better understand the needs and profiles of our visitors. When we conduct a survey, we will try to let you know how we will use that information, when we collect it from you on the Internet.<\/p>\n","protected":false},"excerpt":{"rendered":"<p>Dado que Orly Beigel Productions se preocupa especialmente del tema relacionado con la privacidad en Internet, creemos importante que usted sepa c\u00f3mo tratamos la informaci\u00f3n que eventualmente usted desee remitirnos a trav\u00e9s de Internet. En general, usted puede visitar nuestro sitio sin obligaci\u00f3n alguna de revelar su identidad ni proveer ninguna informaci\u00f3n sobre su persona. [&hellip;]<\/p>\n","protected":false},"author":1,"featured_media":0,"parent":0,"menu_order":0,"comment_status":"closed","ping_status":"closed","template":"template-bootstrap-container.php","meta":{"footnotes":""},"class_list":["post-1753","page","type-page","status-publish","hentry"],"_links":{"self":[{"href":"http:\/\/www.orlybeigelproductions.com\/app\/wp-json\/wp\/v2\/pages\/1753","targetHints":{"allow":["GET"]}}],"collection":[{"href":"http:\/\/www.orlybeigelproductions.com\/app\/wp-json\/wp\/v2\/pages"}],"about":[{"href":"http:\/\/www.orlybeigelproductions.com\/app\/wp-json\/wp\/v2\/types\/page"}],"author":[{"embeddable":true,"href":"http:\/\/www.orlybeigelproductions.com\/app\/wp-json\/wp\/v2\/users\/1"}],"replies":[{"embeddable":true,"href":"http:\/\/www.orlybeigelproductions.com\/app\/wp-json\/wp\/v2\/comments?post=1753"}],"version-history":[{"count":5,"href":"http:\/\/www.orlybeigelproductions.com\/app\/wp-json\/wp\/v2\/pages\/1753\/revisions"}],"predecessor-version":[{"id":2952,"href":"http:\/\/www.orlybeigelproductions.com\/app\/wp-json\/wp\/v2\/pages\/1753\/revisions\/2952"}],"wp:attachment":[{"href":"http:\/\/www.orlybeigelproductions.com\/app\/wp-json\/wp\/v2\/media?parent=1753"}],"curies":[{"name":"wp","href":"https:\/\/api.w.org\/{rel}","templated":true}]}}